{"id":177,"date":"2016-04-17T19:49:38","date_gmt":"2016-04-17T19:49:38","guid":{"rendered":"http:\/\/delfino.devlinkb.com.ar\/?page_id=177"},"modified":"2018-09-11T16:33:27","modified_gmt":"2018-09-11T16:33:27","slug":"rrhh","status":"publish","type":"page","link":"https:\/\/delfinoglobal.com\/pt\/rrhh\/","title":{"rendered":"Recursos Humanos"},"content":{"rendered":"\n<div class=\"wpcf7 no-js\" id=\"wpcf7-f1178-o1\" lang=\"en-US\" dir=\"ltr\" data-wpcf7-id=\"1178\">\n<div class=\"screen-reader-response\"><p role=\"status\" aria-live=\"polite\" aria-atomic=\"true\"><\/p> <ul><\/ul><\/div>\n<form action=\"\/pt\/wp-json\/wp\/v2\/pages\/177#wpcf7-f1178-o1\" method=\"post\" class=\"wpcf7-form init\" aria-label=\"Contact form\" enctype=\"multipart\/form-data\" novalidate=\"novalidate\" data-status=\"init\">\n<div style=\"display: none;\">\n<input type=\"hidden\" name=\"_wpcf7\" value=\"1178\" \/>\n<input type=\"hidden\" name=\"_wpcf7_version\" value=\"6.0.4\" \/>\n<input type=\"hidden\" name=\"_wpcf7_locale\" value=\"en_US\" \/>\n<input type=\"hidden\" name=\"_wpcf7_unit_tag\" value=\"wpcf7-f1178-o1\" \/>\n<input type=\"hidden\" name=\"_wpcf7_container_post\" value=\"0\" \/>\n<input type=\"hidden\" name=\"_wpcf7_posted_data_hash\" value=\"\" \/>\n<input type=\"hidden\" name=\"_wpcf7_recaptcha_response\" value=\"\" \/>\n<\/div>\n<ul>\n\t<li>\n\t\t<p><label>Nome e Sobrenome*<\/label><span class=\"wpcf7-form-control-wrap\" data-name=\"name\"><input size=\"40\" maxlength=\"400\" class=\"wpcf7-form-control wpcf7-text wpcf7-validates-as-required\" aria-required=\"true\" aria-invalid=\"false\" placeholder=\"Nome e Sobrenome\" value=\"\" type=\"text\" name=\"name\" \/><\/span>\n\t\t<\/p>\n\t<\/li>\n\t<li>\n\t\t<p><label>Pa\u00eds*<\/label><span class=\"wpcf7-form-control-wrap\" data-name=\"country\"><input size=\"40\" maxlength=\"400\" class=\"wpcf7-form-control wpcf7-text wpcf7-validates-as-required\" aria-required=\"true\" aria-invalid=\"false\" placeholder=\"Pa\u00eds\" value=\"\" type=\"text\" name=\"country\" \/><\/span>\n\t\t<\/p>\n\t<\/li>\n\t<li>\n\t\t<p><label>Endere\u00e7o*<\/label><span class=\"wpcf7-form-control-wrap\" data-name=\"direccion\"><input size=\"40\" maxlength=\"400\" class=\"wpcf7-form-control wpcf7-text wpcf7-validates-as-required\" aria-required=\"true\" aria-invalid=\"false\" placeholder=\"Endere\u00e7o\" value=\"\" type=\"text\" name=\"direccion\" \/><\/span>\n\t\t<\/p>\n\t<\/li>\n\t<li>\n\t\t<p><label>Email*<\/label><span class=\"wpcf7-form-control-wrap\" data-name=\"email\"><input size=\"40\" maxlength=\"400\" class=\"wpcf7-form-control wpcf7-email wpcf7-validates-as-required wpcf7-text wpcf7-validates-as-email\" aria-required=\"true\" aria-invalid=\"false\" placeholder=\"Email\" value=\"\" type=\"email\" name=\"email\" \/><\/span>\n\t\t<\/p>\n\t<\/li>\n\t<li>\n\t\t<p><label>Telefone*<\/label><span class=\"wpcf7-form-control-wrap\" data-name=\"phone\"><input size=\"40\" maxlength=\"400\" class=\"wpcf7-form-control wpcf7-text wpcf7-validates-as-required\" aria-required=\"true\" aria-invalid=\"false\" placeholder=\"Telefone\" value=\"\" type=\"text\" name=\"phone\" \/><\/span>\n\t\t<\/p>\n\t<\/li>\n\t<li>\n\t\t<p><label>Celular*<\/label><span class=\"wpcf7-form-control-wrap\" data-name=\"phone\"><input size=\"40\" maxlength=\"400\" class=\"wpcf7-form-control wpcf7-text wpcf7-validates-as-required\" aria-required=\"true\" aria-invalid=\"false\" placeholder=\"Celular\" value=\"\" type=\"text\" name=\"phone\" \/><\/span>\n\t\t<\/p>\n\t<\/li>\n\t<li>\n\t\t<p><label>Data de Nascimento*<\/label><span class=\"wpcf7-form-control-wrap\" data-name=\"fechadenacimiento\"><input class=\"wpcf7-form-control wpcf7-date wpcf7-validates-as-required wpcf7-validates-as-date\" aria-required=\"true\" aria-invalid=\"false\" placeholder=\"Data de Nascimento\" value=\"\" type=\"date\" name=\"fechadenacimiento\" \/><\/span>\n\t\t<\/p>\n\t<\/li>\n\t<li>\n\t\t<p><label>Estado Civil*<\/label><span class=\"wpcf7-form-control-wrap\" data-name=\"familia\"><input size=\"40\" maxlength=\"400\" class=\"wpcf7-form-control wpcf7-text wpcf7-validates-as-required\" aria-required=\"true\" aria-invalid=\"false\" placeholder=\"Estado Civil\" value=\"\" type=\"text\" name=\"familia\" \/><\/span>\n\t\t<\/p>\n\t<\/li>\n\t<li>\n\t\t<p><label>Educa\u00e7\u00e3o*<\/label><span class=\"wpcf7-form-control-wrap\" data-name=\"educacion\"><input size=\"40\" maxlength=\"400\" class=\"wpcf7-form-control wpcf7-text wpcf7-validates-as-required\" aria-required=\"true\" aria-invalid=\"false\" placeholder=\"Educa\u00e7\u00e3o\" value=\"\" type=\"text\" name=\"educacion\" \/><\/span>\n\t\t<\/p>\n\t<\/li>\n\t<li>\n\t\t<p><label>Idiomas*<\/label><span class=\"wpcf7-form-control-wrap\" data-name=\"idiomas\"><input size=\"40\" maxlength=\"400\" class=\"wpcf7-form-control wpcf7-text wpcf7-validates-as-required\" aria-required=\"true\" aria-invalid=\"false\" placeholder=\"Idiomas\" value=\"\" type=\"text\" name=\"idiomas\" \/><\/span>\n\t\t<\/p>\n\t<\/li>\n\t<li>\n\t\t<p><label>Perfil de Linkedin<\/label><span class=\"wpcf7-form-control-wrap\" data-name=\"linkedin\"><input size=\"40\" maxlength=\"400\" class=\"wpcf7-form-control wpcf7-url wpcf7-text wpcf7-validates-as-url\" aria-invalid=\"false\" placeholder=\"Perfil de Linkedin\" value=\"\" type=\"url\" name=\"linkedin\" \/><\/span>\n\t\t<\/p>\n\t<\/li>\n\t<li>\n\t\t<p><label>Carregar CV<\/label><span class=\"wpcf7-form-control-wrap\" data-name=\"cv\"><input size=\"40\" class=\"wpcf7-form-control wpcf7-file\" accept=\"audio\/*,video\/*,image\/*\" aria-invalid=\"false\" type=\"file\" name=\"cv\" \/><\/span>\n\t\t<\/p>\n\t<\/li>\n\t<li>\n\t\t<p><label>\u00daltimo trabalho: Empresa, Per\u00edodo e Posi\u00e7\u00e3o*<\/label><span class=\"wpcf7-form-control-wrap\" data-name=\"ultimotrabajo\"><textarea cols=\"40\" rows=\"10\" maxlength=\"2000\" class=\"wpcf7-form-control wpcf7-textarea wpcf7-validates-as-required\" aria-required=\"true\" aria-invalid=\"false\" placeholder=\"\u00daltimo trabalho: Empresa, Per\u00edodo e Posi\u00e7\u00e3o\" name=\"ultimotrabajo\"><\/textarea><\/span>\n\t\t<\/p>\n\t<\/li>\n<\/ul>\n<div class=\"row\">\n\n\t<div class=\"small-12 columns text-center\">\n\t\t<p><button class=\"button\" type=\"submit\">Enviar<\/button>\n\t\t<\/p>\n\t<\/div>\n<\/div><div class=\"wpcf7-response-output\" aria-hidden=\"true\"><\/div>\n<\/form>\n<\/div>\n\n","protected":false},"excerpt":{"rendered":"","protected":false},"author":1,"featured_media":0,"parent":0,"menu_order":0,"comment_status":"closed","ping_status":"closed","template":"","meta":{"footnotes":""},"class_list":["post-177","page","type-page","status-publish","hentry"],"translation":{"provider":"WPGlobus","version":"3.0.0","language":"pt","enabled_languages":["es","en","pt"],"languages":{"es":{"title":true,"content":true,"excerpt":false},"en":{"title":true,"content":true,"excerpt":false},"pt":{"title":true,"content":true,"excerpt":false}}},"aioseo_notices":[],"yoast_head":"<!-- This site is optimized with the Yoast SEO plugin v25.9 - https:\/\/yoast.com\/wordpress\/plugins\/seo\/ -->\n<title>Recursos Humanos - Delfino Global<\/title>\n<meta name=\"robots\" content=\"index, follow, max-snippet:-1, max-image-preview:large, max-video-preview:-1\" \/>\n<link rel=\"canonical\" href=\"https:\/\/delfinoglobal.com\/rrhh\/\" \/>\n<meta property=\"og:locale\" content=\"pt_PT\" \/>\n<meta property=\"og:type\" content=\"article\" \/>\n<meta property=\"og:title\" content=\"Recursos Humanos - Delfino Global\" \/>\n<meta property=\"og:url\" content=\"https:\/\/delfinoglobal.com\/rrhh\/\" \/>\n<meta property=\"og:site_name\" content=\"Delfino Global\" \/>\n<meta property=\"article:modified_time\" content=\"2018-09-11T16:33:27+00:00\" \/>\n<meta name=\"twitter:card\" content=\"summary_large_image\" \/>\n<script type=\"application\/ld+json\" class=\"yoast-schema-graph\">{\"@context\":\"https:\/\/schema.org\",\"@graph\":[{\"@type\":\"WebPage\",\"@id\":\"https:\/\/delfinoglobal.com\/rrhh\/\",\"url\":\"https:\/\/delfinoglobal.com\/rrhh\/\",\"name\":\"Recursos Humanos - Delfino Global\",\"isPartOf\":{\"@id\":\"https:\/\/www.delfinoglobal.com\/pt\/#website\"},\"datePublished\":\"2016-04-17T19:49:38+00:00\",\"dateModified\":\"2018-09-11T16:33:27+00:00\",\"description\":\"Unite al equipo de Delfino Global\",\"breadcrumb\":{\"@id\":\"https:\/\/delfinoglobal.com\/rrhh\/#breadcrumb\"},\"inLanguage\":\"pt-PT\",\"potentialAction\":[{\"@type\":\"ReadAction\",\"target\":[\"https:\/\/delfinoglobal.com\/rrhh\/\"]}]},{\"@type\":\"BreadcrumbList\",\"@id\":\"https:\/\/delfinoglobal.com\/rrhh\/#breadcrumb\",\"itemListElement\":[{\"@type\":\"ListItem\",\"position\":1,\"name\":\"Home\",\"item\":\"https:\/\/www.delfinoglobal.com\/pt\/\"},{\"@type\":\"ListItem\",\"position\":2,\"name\":\"Recursos Humanos\"}]},{\"@type\":\"WebSite\",\"@id\":\"https:\/\/www.delfinoglobal.com\/pt\/#website\",\"url\":\"https:\/\/www.delfinoglobal.com\/pt\/\",\"name\":\"Delfino Global\",\"description\":\"\",\"potentialAction\":[{\"@type\":\"SearchAction\",\"target\":{\"@type\":\"EntryPoint\",\"urlTemplate\":\"https:\/\/www.delfinoglobal.com\/pt\/?s={search_term_string}\"},\"query-input\":{\"@type\":\"PropertyValueSpecification\",\"valueRequired\":true,\"valueName\":\"search_term_string\"}}],\"inLanguage\":\"pt-PT\"}]}<\/script>\n<!-- \/ Yoast SEO plugin. -->","yoast_head_json":{"title":"Recursos Humanos - Delfino Global","robots":{"index":"index","follow":"follow","max-snippet":"max-snippet:-1","max-image-preview":"max-image-preview:large","max-video-preview":"max-video-preview:-1"},"canonical":"https:\/\/delfinoglobal.com\/rrhh\/","og_locale":"pt_PT","og_type":"article","og_title":"Recursos Humanos - Delfino Global","og_url":"https:\/\/delfinoglobal.com\/rrhh\/","og_site_name":"Delfino Global","article_modified_time":"2018-09-11T16:33:27+00:00","twitter_card":"summary_large_image","schema":{"@context":"https:\/\/schema.org","@graph":[{"@type":"WebPage","@id":"https:\/\/delfinoglobal.com\/rrhh\/","url":"https:\/\/delfinoglobal.com\/rrhh\/","name":"Recursos Humanos - Delfino Global","isPartOf":{"@id":"https:\/\/www.delfinoglobal.com\/pt\/#website"},"datePublished":"2016-04-17T19:49:38+00:00","dateModified":"2018-09-11T16:33:27+00:00","description":"Unite al equipo de Delfino Global","breadcrumb":{"@id":"https:\/\/delfinoglobal.com\/rrhh\/#breadcrumb"},"inLanguage":"pt-PT","potentialAction":[{"@type":"ReadAction","target":["https:\/\/delfinoglobal.com\/rrhh\/"]}]},{"@type":"BreadcrumbList","@id":"https:\/\/delfinoglobal.com\/rrhh\/#breadcrumb","itemListElement":[{"@type":"ListItem","position":1,"name":"Home","item":"https:\/\/www.delfinoglobal.com\/pt\/"},{"@type":"ListItem","position":2,"name":"Recursos Humanos"}]},{"@type":"WebSite","@id":"https:\/\/www.delfinoglobal.com\/pt\/#website","url":"https:\/\/www.delfinoglobal.com\/pt\/","name":"Delfino Global","description":"","potentialAction":[{"@type":"SearchAction","target":{"@type":"EntryPoint","urlTemplate":"https:\/\/www.delfinoglobal.com\/pt\/?s={search_term_string}"},"query-input":{"@type":"PropertyValueSpecification","valueRequired":true,"valueName":"search_term_string"}}],"inLanguage":"pt-PT"}]}},"_links":{"self":[{"href":"https:\/\/delfinoglobal.com\/pt\/wp-json\/wp\/v2\/pages\/177","targetHints":{"allow":["GET"]}}],"collection":[{"href":"https:\/\/delfinoglobal.com\/pt\/wp-json\/wp\/v2\/pages"}],"about":[{"href":"https:\/\/delfinoglobal.com\/pt\/wp-json\/wp\/v2\/types\/page"}],"author":[{"embeddable":true,"href":"https:\/\/delfinoglobal.com\/pt\/wp-json\/wp\/v2\/users\/1"}],"replies":[{"embeddable":true,"href":"https:\/\/delfinoglobal.com\/pt\/wp-json\/wp\/v2\/comments?post=177"}],"version-history":[{"count":3,"href":"https:\/\/delfinoglobal.com\/pt\/wp-json\/wp\/v2\/pages\/177\/revisions"}],"predecessor-version":[{"id":5656,"href":"https:\/\/delfinoglobal.com\/pt\/wp-json\/wp\/v2\/pages\/177\/revisions\/5656"}],"wp:attachment":[{"href":"https:\/\/delfinoglobal.com\/pt\/wp-json\/wp\/v2\/media?parent=177"}],"curies":[{"name":"wp","href":"https:\/\/api.w.org\/{rel}","templated":true}]}}